{"id":477,"date":"2024-01-25T07:14:15","date_gmt":"2024-01-25T10:14:15","guid":{"rendered":"https:\/\/gestaokairos.com.br\/en\/?page_id=477"},"modified":"2024-05-23T08:34:12","modified_gmt":"2024-05-23T11:34:12","slug":"diversity-representativeness-and-perception-a-multisectoral-census-by-gestao-kairos-2022","status":"publish","type":"page","link":"https:\/\/gestaokairos.com.br\/en\/publicacoes\/diversity-representativeness-and-perception-a-multisectoral-census-by-gestao-kairos-2022\/","title":{"rendered":"Diversity, Representativeness and Perception a multisectoral census, by gest\u00e3o kair\u00f3s 2022"},"content":{"rendered":"<p>[et_pb_section fb_built=&#8221;1&#8243; _builder_version=&#8221;4.21.0&#8243; _module_preset=&#8221;default&#8221; background_color=&#8221;#ff5018&#8243; use_background_color_gradient=&#8221;on&#8221; background_color_gradient_direction=&#8221;140deg&#8221; background_color_gradient_stops=&#8221;rgba(255,255,255,0) 50%|rgba(0,0,0,0.5) 100%&#8221; background_color_gradient_overlays_image=&#8221;on&#8221; background_image=&#8221;https:\/\/gestaokairos.com.br\/en\/wp-content\/uploads\/2024\/01\/banner_publicacoes_04.jpg&#8221; min_height=&#8221;650px&#8221; min_height_tablet=&#8221;650px&#8221; min_height_phone=&#8221;&#8221; min_height_last_edited=&#8221;on|phone&#8221; background_last_edited=&#8221;on|phone&#8221; background_position_phone=&#8221;center_left&#8221; global_colors_info=&#8221;{}&#8221;][et_pb_row _builder_version=&#8221;4.21.0&#8243; _module_preset=&#8221;default&#8221; custom_margin=&#8221;13vw||||false|false&#8221; custom_margin_tablet=&#8221;13vw||||false|false&#8221; custom_margin_phone=&#8221;0vw||||false|false&#8221; custom_margin_last_edited=&#8221;on|phone&#8221; global_colors_info=&#8221;{}&#8221;][et_pb_column type=&#8221;4_4&#8243; _builder_version=&#8221;4.21.0&#8243; _module_preset=&#8221;default&#8221; global_colors_info=&#8221;{}&#8221;][et_pb_text _builder_version=&#8221;4.21.0&#8243; _module_preset=&#8221;default&#8221; text_text_color=&#8221;#FFFFFF&#8221; text_font_size=&#8221;34px&#8221; header_2_font=&#8221;|800|||||||&#8221; header_2_text_color=&#8221;#FFFFFF&#8221; header_2_font_size=&#8221;38px&#8221; animation_style=&#8221;slide&#8221; animation_direction=&#8221;right&#8221; text_font_size_tablet=&#8221;34px&#8221; text_font_size_phone=&#8221;22px&#8221; text_font_size_last_edited=&#8221;on|desktop&#8221; header_2_font_size_tablet=&#8221;72px&#8221; header_2_font_size_phone=&#8221;26px&#8221; header_2_font_size_last_edited=&#8221;on|phone&#8221; text_text_shadow_style=&#8221;preset2&#8243; global_colors_info=&#8221;{}&#8221;]<\/p>\n<h2> Diversity, Representativeness and Perception <\/h2>\n<p>a multisectoral census, by gest\u00e3o kair\u00f3s 2022[\/et_pb_text][\/et_pb_column][\/et_pb_row][\/et_pb_section][et_pb_section fb_built=&#8221;1&#8243; _builder_version=&#8221;4.21.0&#8243; _module_preset=&#8221;default&#8221; background_color=&#8221;#e0e0e0&#8243; custom_padding=&#8221;5vw||5vw||true|false&#8221; global_colors_info=&#8221;{}&#8221;][et_pb_row _builder_version=&#8221;4.21.0&#8243; _module_preset=&#8221;default&#8221; custom_padding=&#8221;0px||||false|false&#8221; global_colors_info=&#8221;{}&#8221;][et_pb_column type=&#8221;4_4&#8243; _builder_version=&#8221;4.21.0&#8243; _module_preset=&#8221;default&#8221; global_colors_info=&#8221;{}&#8221;][et_pb_text _builder_version=&#8221;4.21.0&#8243; _module_preset=&#8221;default&#8221; global_colors_info=&#8221;{}&#8221;]<\/p>\n<div class=\"et_pb_module et_pb_text et_pb_text_1  et_pb_text_align_left et_pb_bg_layout_light\">\n<div class=\"et_pb_text_inner\">\n<p><span>Gest\u00e3o Kair\u00f3s \u2013 Sustainability and Diversity Consultancy is a leading expert in diversity, perception surveys, and census applications. It is an essential source for facilitating dialogues, reflections, and analyses of the Brazilian scenario regarding DE&amp;I, ESG, and Sustainability.<\/span><\/p>\n<p><span>This study, titled \u201cDiversity, Representation, and Perception \u2013 A Multisectoral Census by Gest\u00e3o Kair\u00f3s 2022,\u201d represents the realization of a dream that began in 2015 with the founding of the company.<\/span><\/p>\n<p><span>In all projects, Gest\u00e3o Kair\u00f3s adheres to standards that precede legal updates, ensuring alignment with the General Data Protection Regulation (LGPD) and safeguarding the anonymity and data protection of all respondents.<\/span><\/p>\n<p><span>Between 2019 and 2022, over 26,000 respondents participated in our survey, ranging from staff to senior leadership positions (managers and above) across various sectors at an international level.<\/span><\/p>\n<p><span>The report presents first-hand intersectional diversity data to support Boards of Directors, CEOs, Executives, and Professionals in strengthening and developing diversity and inclusion strategies.<\/span><\/p>\n<p><strong><b>To begin your reading, just click on the button:<\/b><span>\u00a0<\/span><a href=\"https:\/\/gestaokairos.com.br\/wp-content\/uploads\/2024\/03\/DiversityRepresentativenessandPerceptionByGestaoKairos.pdf\" target=\"_blank\" rel=\"noopener\">DOWNLOAD HERE<\/a>.<br \/>__________________________________________________________________<\/strong><\/p>\n<p><span>To learn more about Gest\u00e3o Kair\u00f3s\u2019 work, please contact us at<\/span>:<span>\u00a0<\/span><a href=\"mailto:contato@gestaokairos.com.br\">contato@gestaokairos.com.br<\/a>.<\/p>\n<p><strong><b>Follow us on social media for the latest updates<\/b>:<\/strong><\/p>\n<p><b>Instagram:<\/b><span>\u00a0<\/span><a href=\"https:\/\/www.instagram.com\/lilianerochaoficial\/\" target=\"_blank\" rel=\"noopener\">@lilianerochaoficial<\/a><span>\u00a0<\/span>and<span>\u00a0<\/span><a href=\"https:\/\/www.instagram.com\/gestaokairos\/\" target=\"_blank\" rel=\"noopener\">@gestaokairos<\/a><\/p>\n<p><b>LinkedIn:<\/b><span>\u00a0<\/span><a href=\"https:\/\/www.linkedin.com\/in\/lilianerochagestaokairos\/\" target=\"_blank\" rel=\"noopener\">Liliane Rocha<\/a><span>\u00a0<\/span>and<span>\u00a0<\/span><a href=\"https:\/\/www.linkedin.com\/company\/gest%C3%A3o-kair%C3%B3s\/\" target=\"_blank\" rel=\"noopener\">Gest\u00e3o Kair\u00f3s \u2013 Consultoria de Sustentabilidade e Diversidade<\/a><span>\u00a0<\/span>.<\/p>\n<p><span>Enjoy your reading!<\/span><\/p>\n<\/div>\n<\/div>\n<p>[\/et_pb_text][et_pb_button button_url=&#8221;https:\/\/gestaokairos.com.br\/wp-content\/uploads\/2024\/03\/DiversityRepresentativenessandPerceptionByGestaoKairos.pdf&#8221; url_new_window=&#8221;on&#8221; button_text=&#8221;DOWNLOAD HERE&#8221; _builder_version=&#8221;4.21.0&#8243; _module_preset=&#8221;default&#8221; custom_button=&#8221;on&#8221; button_text_size=&#8221;16px&#8221; button_text_color=&#8221;#fd5129&#8243; button_bg_color=&#8221;RGBA(255,255,255,0)&#8221; button_border_color=&#8221;#fd5129&#8243; button_border_radius=&#8221;0px&#8221; button_font=&#8221;|600||on|||||&#8221; custom_padding=&#8221;|120px||120px|false|true&#8221; global_colors_info=&#8221;{}&#8221;][\/et_pb_button][\/et_pb_column][\/et_pb_row][et_pb_row column_structure=&#8221;1_4,1_4,1_2&#8243; use_custom_gutter=&#8221;on&#8221; gutter_width=&#8221;1&#8243; _builder_version=&#8221;4.21.0&#8243; _module_preset=&#8221;default&#8221; animation_style=&#8221;slide&#8221; animation_direction=&#8221;bottom&#8221; global_colors_info=&#8221;{}&#8221; theme_builder_area=&#8221;post_content&#8221;][et_pb_column type=&#8221;1_4&#8243; _builder_version=&#8221;4.21.0&#8243; _module_preset=&#8221;default&#8221; custom_padding=&#8221;||||false|false&#8221; border_color_right=&#8221;#b3b3b3&#8243; global_colors_info=&#8221;{}&#8221; theme_builder_area=&#8221;post_content&#8221;][et_pb_text _builder_version=&#8221;4.21.0&#8243; _module_preset=&#8221;default&#8221; header_4_font=&#8221;||||||||&#8221; header_4_text_color=&#8221;#000000&#8243; header_4_font_size=&#8221;20px&#8221; header_4_line_height=&#8221;1.8em&#8221; background_layout=&#8221;dark&#8221; custom_margin=&#8221;||27px||false|false&#8221; custom_padding=&#8221;30px||||false|false&#8221; global_colors_info=&#8221;{}&#8221; theme_builder_area=&#8221;post_content&#8221;]<\/p>\n<h4><img decoding=\"async\" src=\"https:\/\/gestaokairos.com.br\/en\/wp-content\/uploads\/2024\/01\/ico_footer_telefone.png\" width=\"44\" style=\"float: left; margin-right: 10px;\" alt=\"\" class=\"wp-image-12 alignnone size-full\" \/>contact us<\/h4>\n<p>[\/et_pb_text][et_pb_text _builder_version=&#8221;4.21.0&#8243; _module_preset=&#8221;default&#8221; text_text_color=&#8221;#FFFFFF&#8221; text_font_size=&#8221;18px&#8221; header_2_font=&#8221;|800|||||||&#8221; header_2_text_color=&#8221;#FFFFFF&#8221; header_2_font_size=&#8221;72px&#8221; header_3_font=&#8221;|800|||||||&#8221; header_3_text_color=&#8221;#000000&#8243; header_3_font_size=&#8221;30px&#8221; header_3_letter_spacing=&#8221;1px&#8221; header_4_font=&#8221;|700|||||||&#8221; header_4_text_color=&#8221;#8d8d8d&#8221; header_4_font_size=&#8221;24px&#8221; custom_padding=&#8221;0px||||false|false&#8221; global_colors_info=&#8221;{}&#8221; theme_builder_area=&#8221;post_content&#8221;]<\/p>\n<h3><a href=\"tel:+551135081922\"><span style=\"font-size: 18px;\">(+55 11)<\/span> 3508 1922<\/a><\/h3>\n<p>[\/et_pb_text][\/et_pb_column][et_pb_column type=&#8221;1_4&#8243; _builder_version=&#8221;4.21.0&#8243; _module_preset=&#8221;default&#8221; custom_padding=&#8221;||||false|false&#8221; border_color_left=&#8221;#000000&#8243; global_colors_info=&#8221;{}&#8221; theme_builder_area=&#8221;post_content&#8221;][et_pb_text _builder_version=&#8221;4.21.0&#8243; _module_preset=&#8221;default&#8221; header_3_font=&#8221;|700|||||||&#8221; header_3_text_color=&#8221;#000000&#8243; header_3_font_size=&#8221;14px&#8221; header_4_font=&#8221;||||||||&#8221; header_4_text_color=&#8221;#000000&#8243; header_4_font_size=&#8221;20px&#8221; header_4_line_height=&#8221;1.1em&#8221; background_layout=&#8221;dark&#8221; custom_margin=&#8221;0px||0px||false|false&#8221; custom_padding=&#8221;30px||20px|40px|false|false&#8221; custom_padding_tablet=&#8221;30px||20px|40px|false|false&#8221; custom_padding_phone=&#8221;|||0px|false|false&#8221; custom_padding_last_edited=&#8221;on|phone&#8221; header_3_font_size_tablet=&#8221;&#8221; header_3_font_size_phone=&#8221;18px&#8221; header_3_font_size_last_edited=&#8221;on|phone&#8221; header_4_font_size_tablet=&#8221;&#8221; header_4_font_size_phone=&#8221;&#8221; header_4_font_size_last_edited=&#8221;on|phone&#8221; border_style_all=&#8221;solid&#8221; border_width_left=&#8221;2px&#8221; border_color_left=&#8221;#b3b3b3&#8243; border_style_all_tablet=&#8221;solid&#8221; border_style_all_phone=&#8221;none&#8221; border_style_all_last_edited=&#8221;on|phone&#8221; global_colors_info=&#8221;{}&#8221; theme_builder_area=&#8221;post_content&#8221;]<\/p>\n<h4><img decoding=\"async\" src=\"https:\/\/gestaokairos.com.br\/en\/wp-content\/uploads\/2024\/01\/ico_footer_email.png\" width=\"44\" style=\"float: left; margin-right: 10px;\" alt=\"\" class=\"wp-image-12 alignnone size-full\" \/>send<br \/>\nan e-mail<\/h4>\n<p>&nbsp;<\/p>\n<h3><a href=\"mailto:contato@gestaokairos.com.br\">contato@gestaokairos.com.br<\/a><\/h3>\n<p>[\/et_pb_text][\/et_pb_column][et_pb_column type=&#8221;1_2&#8243; _builder_version=&#8221;4.21.0&#8243; _module_preset=&#8221;default&#8221; custom_padding=&#8221;|||60px|false|false&#8221; custom_padding_tablet=&#8221;|||60px|false|false&#8221; custom_padding_phone=&#8221;|||0px|false|false&#8221; custom_padding_last_edited=&#8221;on|phone&#8221; global_colors_info=&#8221;{}&#8221; theme_builder_area=&#8221;post_content&#8221;][et_pb_text _builder_version=&#8221;4.21.0&#8243; _module_preset=&#8221;default&#8221; header_3_font=&#8221;|700|||||||&#8221; header_3_text_color=&#8221;#000000&#8243; header_3_font_size=&#8221;14px&#8221; header_3_line_height=&#8221;2.7em&#8221; header_4_font=&#8221;||||||||&#8221; header_4_text_color=&#8221;#000000&#8243; header_4_font_size=&#8221;20px&#8221; header_4_line_height=&#8221;1.1em&#8221; background_layout=&#8221;dark&#8221; custom_margin=&#8221;0px||0px||false|false&#8221; custom_padding=&#8221;30px||0px|40px|false|false&#8221; custom_padding_tablet=&#8221;30px||0px|40px|false|false&#8221; custom_padding_phone=&#8221;30px||0px|0px|false|false&#8221; custom_padding_last_edited=&#8221;on|phone&#8221; header_3_font_size_tablet=&#8221;&#8221; header_3_font_size_phone=&#8221;16px&#8221; header_3_font_size_last_edited=&#8221;on|phone&#8221; border_width_left=&#8221;2px&#8221; border_color_left=&#8221;#b3b3b3&#8243; border_style_left=&#8221;none&#8221; border_color_left_tablet=&#8221;#b3b3b3&#8243; border_color_left_phone=&#8221;#b3b3b3&#8243; border_color_left_last_edited=&#8221;on|phone&#8221; global_colors_info=&#8221;{}&#8221; theme_builder_area=&#8221;post_content&#8221;]<\/p>\n<h4><a href=\"https:\/\/maps.app.goo.gl\/u8LWGcW7kVHt72BU8\" target=\"_blank\" rel=\"noopener\"><img decoding=\"async\" src=\"https:\/\/gestaokairos.com.br\/en\/wp-content\/uploads\/2024\/01\/btn_googlemaps.png\" width=\"150\" alt=\"\" class=\"wp-image-63 alignright size-medium\" srcset=\"https:\/\/gestaokairos.com.br\/en\/wp-content\/uploads\/2024\/01\/btn_googlemaps.png 322w, https:\/\/gestaokairos.com.br\/en\/wp-content\/uploads\/2024\/01\/btn_googlemaps-300x75.png 300w\" sizes=\"(max-width: 322px) 100vw, 322px\" \/><\/a><img decoding=\"async\" src=\"https:\/\/gestaokairos.com.br\/en\/wp-content\/uploads\/2024\/01\/ico_footer_localizacao.png\" width=\"44\" style=\"float: left; margin-right: 10px;\" alt=\"\" class=\"wp-image-12 alignnone size-full\" \/>our<br \/>\naddress<\/h4>\n<h3 style=\"margin-top: 12px;\"><span>Av. Paulista 2.202 &#8211; 7\u00ba andar conj. 71<\/span><\/h3>\n<p>[\/et_pb_text][\/et_pb_column][\/et_pb_row][\/et_pb_section][et_pb_section fb_built=&#8221;1&#8243; _builder_version=&#8221;4.21.0&#8243; _module_preset=&#8221;default&#8221; background_color=&#8221;#fd5129&#8243; custom_padding=&#8221;5vw||||false|false&#8221; global_module=&#8221;980&#8243; saved_tabs=&#8221;all&#8221; global_colors_info=&#8221;{}&#8221;][et_pb_row column_structure=&#8221;1_4,1_4,1_4,1_4&#8243; _builder_version=&#8221;4.21.0&#8243; _module_preset=&#8221;default&#8221; global_colors_info=&#8221;{}&#8221;][et_pb_column type=&#8221;1_4&#8243; _builder_version=&#8221;4.21.0&#8243; _module_preset=&#8221;default&#8221; global_colors_info=&#8221;{}&#8221;][et_pb_text _builder_version=&#8221;4.21.0&#8243; _module_preset=&#8221;default&#8221; text_font_size=&#8221;12px&#8221; custom_margin=&#8221;||0px||false|false&#8221; custom_padding=&#8221;||8px||false|false&#8221; global_colors_info=&#8221;{}&#8221;]<img decoding=\"async\" src=\"https:\/\/gestaokairos.com.br\/en\/wp-content\/uploads\/2024\/01\/logo_gestaokairos_footer.png\" width=\"80%\" alt=\"\" class=\"wp-image-65 alignnone size-full\" srcset=\"https:\/\/gestaokairos.com.br\/en\/wp-content\/uploads\/2024\/01\/logo_gestaokairos_footer.png 420w, https:\/\/gestaokairos.com.br\/en\/wp-content\/uploads\/2024\/01\/logo_gestaokairos_footer-300x64.png 300w\" sizes=\"(max-width: 420px) 100vw, 420px\" \/><\/p>\n<p>&nbsp;<\/p>\n<p>Social Media[\/et_pb_text][et_pb_text _builder_version=&#8221;4.21.0&#8243; _module_preset=&#8221;default&#8221; global_colors_info=&#8221;{}&#8221;]<\/p>\n<p><a href=\"https:\/\/www.youtube.com\/channel\/UCZUCTUYqpEUleZd0cMS54Xg\" target=\"_blank\" rel=\"noopener\"><img decoding=\"async\" src=\"https:\/\/gestaokairos.com.br\/en\/wp-content\/uploads\/2024\/01\/ico_youtube.png\" width=\"26\" alt=\"\" class=\"wp-image-77 alignnone size-full\" style=\"float: left; margin-right: 10px;\" \/><\/a> <a href=\"https:\/\/www.linkedin.com\/company\/10084269\" target=\"_blank\" rel=\"noopener\"><img decoding=\"async\" src=\"https:\/\/gestaokairos.com.br\/en\/wp-content\/uploads\/2024\/01\/ico_linkedin.png\" width=\"26\" alt=\"\" class=\"wp-image-77 alignnone size-full\" style=\"float: left; margin-right: 10px;\" \/><\/a> <a href=\"https:\/\/www.facebook.com\/Gestaokairos\/\" target=\"_blank\" rel=\"noopener\"><img decoding=\"async\" src=\"https:\/\/gestaokairos.com.br\/en\/wp-content\/uploads\/2024\/01\/ico_facebook.png\" width=\"26\" alt=\"\" class=\"wp-image-77 alignnone size-full\" tyle=\"float:left;margin-right:10px\" \/><\/a> <a href=\"https:\/\/www.instagram.com\/gestaokairos\/\" target=\"_blank\" rel=\"noopener\"><img decoding=\"async\" src=\"https:\/\/gestaokairos.com.br\/en\/wp-content\/uploads\/2024\/01\/ico_instagram.png\" width=\"26\" alt=\"\" class=\"wp-image-77 alignnone size-full\" style=\"float: left; margin-right: 10px;\" \/><\/a><\/p>\n<p>[\/et_pb_text][\/et_pb_column][et_pb_column type=&#8221;1_4&#8243; _builder_version=&#8221;4.21.0&#8243; _module_preset=&#8221;default&#8221; global_colors_info=&#8221;{}&#8221;][et_pb_text _builder_version=&#8221;4.21.0&#8243; _module_preset=&#8221;default&#8221; link_text_color=&#8221;#000000&#8243; link_font_size=&#8221;11px&#8221; global_colors_info=&#8221;{}&#8221;]<a href=\"https:\/\/gestaokairos.com.br\/en\/gestao-da-diversidade\/\"><strong>DIVERSITY <\/strong><\/a><br \/>\n<strong><a href=\"https:\/\/gestaokairos.com.br\/en\/sustentabilidade\/\">SUSTAINABILITY<\/a> <\/strong><br \/>\n<strong><a href=\"https:\/\/gestaokairos.com.br\/en\/sobre-nos\">ABOUT US<\/a> <\/strong><br \/>\n<a href=\"https:\/\/gestaokairos.com.br\/en\/contato\"><strong>CONTACT<\/strong><\/a>[\/et_pb_text][\/et_pb_column][et_pb_column type=&#8221;1_4&#8243; _builder_version=&#8221;4.21.0&#8243; _module_preset=&#8221;default&#8221; global_colors_info=&#8221;{}&#8221;][et_pb_text _builder_version=&#8221;4.21.0&#8243; _module_preset=&#8221;default&#8221; text_font_size=&#8221;12px&#8221; text_line_height=&#8221;1.8em&#8221; link_text_color=&#8221;#000000&#8243; link_font_size=&#8221;12px&#8221; global_colors_info=&#8221;{}&#8221;]<img decoding=\"async\" src=\"https:\/\/gestaokairos.com.br\/en\/wp-content\/uploads\/2024\/01\/ico_footer_telefone.png\" width=\"14\" alt=\"\" class=\"wp-image-62 alignnone size-full\" style=\"float: left; margin-right: 5px; padding-top: 4px;\" \/>\u200bphone<br \/>\n<a href=\"tel:+551135081922\"><strong>(+55 11) 3508 1922<\/strong><\/a><\/p>\n<p><img decoding=\"async\" src=\"https:\/\/gestaokairos.com.br\/en\/wp-content\/uploads\/2024\/01\/ico_footer_email.png\" width=\"14\" alt=\"\" class=\"wp-image-62 alignnone size-full\" style=\"float: left; margin-right: 5px; padding-top: 5px;\" \/>\u200be-mail<br \/>\n<a href=\"mailto:contato@gestaokairos.com.br\"><strong>contato@gestaokairos.com.br<\/strong><\/a><\/p>\n<p><img decoding=\"async\" src=\"https:\/\/gestaokairos.com.br\/en\/wp-content\/uploads\/2024\/01\/ico_footer_localizacao.png\" width=\"14\" alt=\"\" class=\"wp-image-62 alignnone size-full\" style=\"float: left; margin-right: 5px; padding-top: 4px;\" \/>\u200baddress<br \/>\n<a href=\"https:\/\/maps.app.goo.gl\/u8LWGcW7kVHt72BU8\" target=\"_blank\" rel=\"noopener\"><strong>Av. Paulista 2.202 7\u00ba andar conj. 71<\/strong><\/a>[\/et_pb_text][\/et_pb_column][et_pb_column type=&#8221;1_4&#8243; _builder_version=&#8221;4.21.0&#8243; _module_preset=&#8221;default&#8221; global_colors_info=&#8221;{}&#8221;][et_pb_text _builder_version=&#8221;4.21.0&#8243; _module_preset=&#8221;default&#8221; text_font_size=&#8221;18px&#8221; link_text_color=&#8221;#000000&#8243; link_font_size=&#8221;12px&#8221; custom_margin=&#8221;||15px||false|false&#8221; custom_padding=&#8221;||0px||false|false&#8221; global_colors_info=&#8221;{}&#8221;]receive the news<br \/>\ndirect to your email[\/et_pb_text][et_pb_text _builder_version=&#8221;4.21.0&#8243; _module_preset=&#8221;default&#8221; global_colors_info=&#8221;{}&#8221;]\n<div class=\"wpcf7 no-js\" id=\"wpcf7-f69-o1\" lang=\"pt-BR\" dir=\"ltr\">\n<div class=\"screen-reader-response\"><p role=\"status\" aria-live=\"polite\" aria-atomic=\"true\"><\/p> <ul><\/ul><\/div>\n<form action=\"\/en\/wp-json\/wp\/v2\/pages\/477#wpcf7-f69-o1\" method=\"post\" class=\"wpcf7-form init\" aria-label=\"Formul\u00e1rios de contato\" novalidate=\"novalidate\" data-status=\"init\">\n<div style=\"display: none;\">\n<input type=\"hidden\" name=\"_wpcf7\" value=\"69\" \/>\n<input type=\"hidden\" name=\"_wpcf7_version\" value=\"5.8.6\" \/>\n<input type=\"hidden\" name=\"_wpcf7_locale\" value=\"pt_BR\" \/>\n<input type=\"hidden\" name=\"_wpcf7_unit_tag\" value=\"wpcf7-f69-o1\" \/>\n<input type=\"hidden\" name=\"_wpcf7_container_post\" value=\"0\" \/>\n<input type=\"hidden\" name=\"_wpcf7_posted_data_hash\" value=\"\" \/>\n<\/div>\n<p><label><span class=\"wpcf7-form-control-wrap\" data-name=\"your-email\"><input size=\"40\" class=\"wpcf7-form-control wpcf7-email wpcf7-validates-as-required wpcf7-text wpcf7-validates-as-email\" autocomplete=\"email\" aria-required=\"true\" aria-invalid=\"false\" placeholder=\"Type your e-mail\" value=\"\" type=\"email\" name=\"your-email\" \/><\/span> <\/label><br \/>\n<input class=\"wpcf7-form-control wpcf7-submit has-spinner\" type=\"submit\" value=\"Receive our news\" \/>\n<\/p><div class=\"wpcf7-response-output\" aria-hidden=\"true\"><\/div>\n<\/form>\n<\/div>\n[\/et_pb_text][\/et_pb_column][\/et_pb_row][\/et_pb_section][et_pb_section fb_built=&#8221;1&#8243; _builder_version=&#8221;4.21.0&#8243; _module_preset=&#8221;default&#8221; background_color=&#8221;#e0e0e0&#8243; custom_padding=&#8221;2vw||2vw||false|false&#8221; global_module=&#8221;981&#8243; global_colors_info=&#8221;{}&#8221;][et_pb_row column_structure=&#8221;1_2,1_2&#8243; use_custom_gutter=&#8221;on&#8221; gutter_width=&#8221;1&#8243; _builder_version=&#8221;4.21.0&#8243; _module_preset=&#8221;default&#8221; global_colors_info=&#8221;{}&#8221;][et_pb_column type=&#8221;1_2&#8243; _builder_version=&#8221;4.21.0&#8243; _module_preset=&#8221;default&#8221; custom_padding=&#8221;0px||5px||false|false&#8221; global_colors_info=&#8221;{}&#8221;][et_pb_text _builder_version=&#8221;4.21.0&#8243; _module_preset=&#8221;default&#8221; text_text_color=&#8221;#495667&#8243; text_font_size=&#8221;12px&#8221; link_text_color=&#8221;#495667&#8243; global_colors_info=&#8221;{}&#8221;]\u00a9 2024 Gest\u00e3o Kair\u00f3s | All rights reserved[\/et_pb_text][\/et_pb_column][et_pb_column type=&#8221;1_2&#8243; _builder_version=&#8221;4.21.0&#8243; _module_preset=&#8221;default&#8221; global_colors_info=&#8221;{}&#8221;][et_pb_text _builder_version=&#8221;4.21.0&#8243; _module_preset=&#8221;default&#8221; text_text_color=&#8221;#495667&#8243; text_font_size=&#8221;12px&#8221; link_text_color=&#8221;#495667&#8243; text_orientation=&#8221;right&#8221; custom_margin_tablet=&#8221;&#8221; custom_margin_phone=&#8221;0px||||false|false&#8221; custom_margin_last_edited=&#8221;on|phone&#8221; custom_padding_tablet=&#8221;&#8221; custom_padding_phone=&#8221;0px||||false|false&#8221; custom_padding_last_edited=&#8221;on|phone&#8221; text_orientation_tablet=&#8221;&#8221; text_orientation_phone=&#8221;left&#8221; text_orientation_last_edited=&#8221;on|phone&#8221; global_colors_info=&#8221;{}&#8221;]<a href=\"https:\/\/heyo.com.br\" target=\"_blank\" rel=\"noopener\">Developed by heyo.com.br<\/a>[\/et_pb_text][\/et_pb_column][\/et_pb_row][\/et_pb_section]<\/p>\n","protected":false},"excerpt":{"rendered":"<p>Diversity, Representativeness and Perception a multisectoral census, by gest\u00e3o kair\u00f3s 2022 Gest\u00e3o Kair\u00f3s \u2013 Sustainability and Diversity Consultancy is a leading expert in diversity, perception surveys, and census applications. It is an essential source for facilitating dialogues, reflections, and analyses of the Brazilian scenario regarding DE&amp;I, ESG, and Sustainability. This study, titled \u201cDiversity, Representation, and [&hellip;]<\/p>\n","protected":false},"author":1,"featured_media":0,"parent":344,"menu_order":0,"comment_status":"closed","ping_status":"closed","template":"","meta":{"_et_pb_use_builder":"on","_et_pb_old_content":"","_et_gb_content_width":"","footnotes":""},"class_list":["post-477","page","type-page","status-publish","hentry"],"_links":{"self":[{"href":"https:\/\/gestaokairos.com.br\/en\/wp-json\/wp\/v2\/pages\/477","targetHints":{"allow":["GET"]}}],"collection":[{"href":"https:\/\/gestaokairos.com.br\/en\/wp-json\/wp\/v2\/pages"}],"about":[{"href":"https:\/\/gestaokairos.com.br\/en\/wp-json\/wp\/v2\/types\/page"}],"author":[{"embeddable":true,"href":"https:\/\/gestaokairos.com.br\/en\/wp-json\/wp\/v2\/users\/1"}],"replies":[{"embeddable":true,"href":"https:\/\/gestaokairos.com.br\/en\/wp-json\/wp\/v2\/comments?post=477"}],"version-history":[{"count":11,"href":"https:\/\/gestaokairos.com.br\/en\/wp-json\/wp\/v2\/pages\/477\/revisions"}],"predecessor-version":[{"id":1102,"href":"https:\/\/gestaokairos.com.br\/en\/wp-json\/wp\/v2\/pages\/477\/revisions\/1102"}],"up":[{"embeddable":true,"href":"https:\/\/gestaokairos.com.br\/en\/wp-json\/wp\/v2\/pages\/344"}],"wp:attachment":[{"href":"https:\/\/gestaokairos.com.br\/en\/wp-json\/wp\/v2\/media?parent=477"}],"curies":[{"name":"wp","href":"https:\/\/api.w.org\/{rel}","templated":true}]}}